{"id":98,"date":"2019-08-23T10:40:59","date_gmt":"2019-08-23T08:40:59","guid":{"rendered":"https:\/\/speechlive.cloud\/nl\/?page_id=98"},"modified":"2025-07-09T13:49:08","modified_gmt":"2025-07-09T11:49:08","slug":"goed-om-te-weten","status":"publish","type":"page","link":"https:\/\/speechlive.cloud\/nl\/goed-om-te-weten\/","title":{"rendered":"Goed om te weten"},"content":{"rendered":"<p><div class=\"fusion-fullwidth fullwidth-box fusion-builder-row-1 nonhundred-percent-fullwidth non-hundred-percent-height-scrolling\" style=\"--awb-border-radius-top-left:0px;--awb-border-radius-top-right:0px;--awb-border-radius-bottom-right:0px;--awb-border-radius-bottom-left:0px;--awb-padding-right:5px;--awb-padding-bottom:30px;--awb-padding-left:5px;--awb-flex-wrap:wrap;\" ><div class=\"fusion-builder-row fusion-row\"><div class=\"fusion-layout-column fusion_builder_column fusion-builder-column-0 fusion_builder_column_1_1 1_1 fusion-one-full fusion-column-first fusion-column-last\" style=\"--awb-bg-size:cover;--awb-margin-bottom:0px;\"><div class=\"fusion-column-wrapper fusion-flex-column-wrapper-legacy\"><div class=\"fusion-builder-row fusion-builder-row-inner fusion-row\"><div class=\"fusion-layout-column fusion_builder_column_inner fusion-builder-nested-column-0 fusion_builder_column_inner_1_2 1_2 fusion-one-half fusion-column-first\" style=\"--awb-bg-size:cover;width:48%; margin-right: 4%;\"><div class=\"fusion-column-wrapper fusion-flex-column-wrapper-legacy\"><div class=\"fusion-text fusion-text-1\" style=\"--awb-text-color:#264076;\"><h1><strong>Goed om te weten<\/strong><\/h1>\n<\/div><div class=\"fusion-clearfix\"><\/div><\/div><\/div><\/div><div class=\"fusion-builder-row fusion-builder-row-inner fusion-row\"><div class=\"fusion-layout-column fusion_builder_column_inner fusion-builder-nested-column-1 fusion_builder_column_inner_1_2 1_2 fusion-one-half fusion-column-first\" style=\"--awb-bg-size:cover;width:50%;width:calc(50% - ( ( 4% ) * 0.5 ) );margin-right: 4%;\"><div class=\"fusion-column-wrapper fusion-flex-column-wrapper-legacy\"><div class=\"fusion-text fusion-text-2\" style=\"--awb-text-color:#264076;\"><h1><strong>Philips SpeechLive<\/strong><\/h1>\n<h3><strong>Abonnementen<\/strong><\/h3>\n<p>Philips SpeechLive Premium Start, Pro of Enterprise wordt geleverd als een zakelijk 1-jarig abonnement. Zo kan een jaarabonnement lopen over een kalenderjaar heen. Bijvoorbeeld van 1 mei 2025 t\/m 30 april 2026.<\/p>\n<p>Gebruikers (auteur\/ secretariaatspost) kunnen indien gewenst op ieder moment toegevoegd en\/of vervangen worden. Vermindering van het aantal gebruikers kan alleen tot \u00e9\u00e9n maand voordat de nieuwe verlengingsperiode in gaat. Op vermindering van het aantal user licenties tijdens de looptijd van het Philips SpeechLive account, kan geen reclamatie worden toegepast.<\/p>\n<p>Toevoegingen\/ add-on&#8217;s in het Philips SpeechLive account kunnen op ieder moment worden toegepast en hebben een looptijd van 1 jaar en\/of zolang het Philips SpeechLive account loopt. Op vermindering van het aantal add-on&#8217;s tijdens de looptijd van het Philips SpeechLive account, kan geen reclamatie worden toegepast.<\/p>\n<p>Opzegtermijn van het Philips SpeechLive account dient minimaal 2 maanden voordat de nieuwe verlengingsperiode van het huidige jaarabonnement van start gaat schriftelijk te geschieden. Indien de eigenaar van het SpeechLive Premium account niet tenminste 2 maanden van te voren het jaarabonnement opzegt, loopt het account weer \u00e9\u00e9n abonnementsjaar door met het aantal bestaande gebruikers en dient deze de volledige verlengingstermijn te voldoen.<\/p>\n<p>Algemene Ateq International leveringsvoorwaarden van toepassing.<\/p>\n<\/div><div class=\"fusion-clearfix\"><\/div><\/div><\/div><div class=\"fusion-layout-column fusion_builder_column_inner fusion-builder-nested-column-2 fusion_builder_column_inner_1_2 1_2 fusion-one-half fusion-column-last\" style=\"--awb-bg-size:cover;width:50%;width:calc(50% - ( ( 4% ) * 0.5 ) );\" data-scroll-devices=\"small-visibility,medium-visibility,large-visibility\"><div class=\"fusion-column-wrapper fusion-column-has-shadow fusion-flex-column-wrapper-legacy\"><div class=\"fusion-text fusion-text-3\" style=\"--awb-text-color:#264076;\"><h1><strong>Nuance Dragon Professional Anywhere<\/strong><\/h1>\n<p>Klanten die Microsoft | Nuance Dragon Professional Anywhere (PCL6150) aan hun Philips SpeechLive Premium Pro of Enterprise account willen toevoegen of klanten die Microsoft | Nuance Dragon Professional Anywhere (DPA) &#8211; stand alone spraakherkenningssoftware willen gebruiken nemen kennis van en gaan akkoord met onderstaande voorwaarden:<\/p>\n<h3>Microsoft | Nuance Dragon Professional Anywhere (PCL6150)<\/h3>\n<ul>\n<li>Microsoft | Nuance Dragon Professional Anywhere (PCL6150) is een user jaarlicentie<\/li>\n<li>De Microsoft | Nuance Dragon Professional Anywhere (PCL6150) add-on kan door andere activatiedatum mogelijk niet synchroon lopen met uw Philips SpeechLive account. Dit dat geval ontvangt de gebruiker een separaat jaarfactuur voor de PCL6150 add-on<\/li>\n<li>Klanten die Microsoft | Nuance Dragon Professional Anywhere (PCL6150) willen gebruiken, zullen dit uitsluitend voor niet-medische (non-healthcare) toepassingen gebruiken<\/li>\n<li>Klanten die Microsoft | Nuance Dragon Professional Anywhere (PCL6150) willen gebruiken, eventueel na proefperiode, gaan akkoord met het<br \/>\n<strong>Nuance End User License Agreement<\/strong><\/li>\n<\/ul>\n<h3>Microsoft | Nuance Dragon Professional Anywhere (DPA)<br \/>\n&#8211; stand alone<\/h3>\n<ul>\n<li>Microsoft | Nuance Dragon Professional Anywhere (DPA) &#8211; stand alone is een user jaarlicentie<\/li>\n<li>Klanten die Microsoft | Nuance Dragon Professional Anywhere (DPA) &#8211; stand alone willen gebruiken, zullen dit uitsluitend voor niet-medische (non-healthcare) toepassingen gebruiken<\/li>\n<li>Klanten die Microsoft | Nuance Dragon Professional Anywhere (DPA) &#8211; stand alone willen gebruiken, eventueel na proefperiode, gaan akkoord met het <strong>Nuance End User License Agreement<\/strong><\/li>\n<\/ul>\n<\/div><div class=\"fusion-clearfix\"><\/div><\/div><\/div><\/div><div class=\"fusion-builder-row fusion-builder-row-inner fusion-row\"><div class=\"fusion-layout-column fusion_builder_column_inner fusion-builder-nested-column-3 fusion_builder_column_inner_1_2 1_2 fusion-one-half fusion-column-first\" style=\"--awb-bg-size:cover;width:50%;width:calc(50% - ( ( 4% ) * 0.5 ) );margin-right: 4%;\"><div class=\"fusion-column-wrapper fusion-column-has-shadow fusion-flex-column-wrapper-legacy\"><div class=\"fusion-text fusion-text-4\" style=\"--awb-text-color:#264076;\"><h1><strong>Philips SpeechLive<\/strong><\/h1>\n<h3><strong>Aanvullende voorwaarden<\/strong><\/h3>\n<ul>\n<li><span style=\"color: #3172d9;\"><a style=\"color: #3172d9;\" href=\"https:\/\/www.speechlive.com\/nl\/algemene-voorwaarden\/\" target=\"_blank\" rel=\"noopener\">P<span style=\"color: #3172d9;\">hilips SpeechLive, aanvullende voorwaarden<\/span><\/a><\/span><\/li>\n<li><span style=\"color: #3172d9;\"><a style=\"color: #3172d9;\" href=\"https:\/\/www.speechlive.com\/nl\/algemene-voorwaarden\/\" target=\"_blank\" rel=\"noopener\">Philips SpeechLive spraakherkenning STR en SpeechLive AI, aanvullende voorwaarden<\/a><\/span><\/li>\n<li><span style=\"color: #3172d9;\"><a style=\"color: #3172d9;\" href=\"https:\/\/www.speechlive.com\/nl\/privacybeleid\/\" target=\"_blank\" rel=\"noopener\">Philips SpeechLive, STT en SpeechLive AI, Privacy Beleid<\/a><\/span><\/li>\n<li><span style=\"color: #3172d9;\"><a style=\"color: #3172d9;\" href=\"https:\/\/www.speechlive.com\/nl\/algemene-voorwaarden\/\" target=\"_blank\" rel=\"noopener\">Philips SpeechLive &#8211; Nuance Dragon spraakherkenning, aanvullende voorwaarden<\/a><\/span><\/li>\n<li><a href=\"https:\/\/speechlive.cloud\/nl\/wp-content\/uploads\/2025\/07\/philips-speechlive_data-security-and-privacy_ebook_nl.pdf\" target=\"_blank\" rel=\"noopener\"><strong>Download ebook over Philips SpeechLive gegevensbeveiliging en privacy<\/strong><\/a><\/li>\n<\/ul>\n<\/div><div class=\"fusion-clearfix\"><\/div><\/div><\/div><div class=\"fusion-layout-column fusion_builder_column_inner fusion-builder-nested-column-4 fusion_builder_column_inner_1_2 1_2 fusion-one-half fusion-column-last\" style=\"--awb-bg-size:cover;width:50%;width:calc(50% - ( ( 4% ) * 0.5 ) );\"><div class=\"fusion-column-wrapper fusion-column-has-shadow fusion-flex-column-wrapper-legacy\"><div class=\"fusion-text fusion-text-5\" style=\"--awb-text-color:#264076;\"><h1><strong>Microsoft | Nuance<br \/>\n<\/strong><\/h1>\n<h3><strong>Aanvullende voorwaarden, beveiliging en affiliates<\/strong><\/h3>\n<p>Microsoft | Nuance Dragon Professional Anywhere wordt gehost op Microsoft Azure server &#8211; Germany, Europe.<\/p>\n<ul>\n<li><span style=\"color: #3172d9;\"><a style=\"color: #3172d9;\" href=\"https:\/\/www.nuance.com\/dragon\/dragon-anywhere\/professional-legal-eula.html\" target=\"_blank\" rel=\"noopener\">Nuance Click\u2011Through End User License Agreement<\/a><\/span><\/li>\n<li><span style=\"color: #3172d9;\"><a style=\"color: #3172d9;\" href=\"https:\/\/www.nuance.com\/about-us\/terms-and-conditions\/data-processing-terms\/sub-processors.html#anywhere\" target=\"_blank\" rel=\"noopener\">Dragon Anywhere, Dragon Legal Anywhere and Dragon Professional Anywhere Sub-Processor List <\/a><\/span><\/li>\n<li><span style=\"color: #3172d9;\"><a style=\"color: #3172d9;\" href=\"https:\/\/www.nuance.com\/about-us\/terms-and-conditions\/data-processing-terms\/TOMs.html\" target=\"_blank\" rel=\"noopener\">Description of technical and organizational measures &#8211; ISO<\/a><\/span><\/li>\n<\/ul>\n<\/div><div class=\"fusion-clearfix\"><\/div><\/div><\/div><div class=\"fusion-layout-column fusion_builder_column_inner fusion-builder-nested-column-5 fusion_builder_column_inner_1_2 1_2 fusion-one-half fusion-column-first\" style=\"--awb-bg-size:cover;width:50%;width:calc(50% - ( ( 4% ) * 0.5 ) );margin-right: 4%;\"><div class=\"fusion-column-wrapper fusion-flex-column-wrapper-legacy\"><div class=\"fusion-text fusion-text-6\" style=\"--awb-text-color:#264076;\"><h1><strong>SpeechLive dataopslag<br \/>\n<\/strong><\/h1>\n<h3><strong>Hosting <span class=\"text-large\">Microsoft Azure<\/span><\/strong><\/h3>\n<p>Philips SpeechLive heeft gekozen voor Microsoft Azure als hosting partner voor dictaten (geluidsopnamen en bestandsbijlagen), omdat zij \u2018s werelds grootste leverancier op bedrijfsniveau zijn van een platform voor cloud-gehoste oplossingen.<\/p>\n<p>Microsoft Azure hanteert de striktste veiligheidsnormen en -processen om het hoogste niveau van gegevensbeveiliging en -bescherming te garanderen. Het voert voortdurend penetratietests uit en werkt aan het opsporen en voorkomen van bedreigingen in domeinen als onbevoegde inbraak en denial-of-service.<\/p>\n<h3><\/h3>\n<h3>Uptime reliability<\/h3>\n<p>Microsoft Azure services zijn zeer betrouwbaar. Microsoft gaat er prat op een uptime-garantie van *99.9% te beloven, 24 uur per dag, 7 dagen per week en 365 dagen per jaar. Microsoft Azure voert een \u2018lights out\u2019- beleid, wat betekent dat verschillende maatregelen zijn genomen om verrichtingen te beschermen tegen:<\/p>\n<ul>\n<li>Stroomuitval<\/li>\n<li>Fysiek binnendringen<\/li>\n<li>Netwerkuitval<\/li>\n<\/ul>\n<p>Hun datacenters voldoen aan de toepasselijke industrienormen voor fysieke beveiliging en betrouwbaarheid, en worden beheerd, gemonitord en bestuurd door operationele medewerkers van Microsoft.<\/p>\n<p>*Aan vermelde data kunnen geen rechten worden ontleend.<\/p>\n<\/div><div class=\"fusion-clearfix\"><\/div><\/div><\/div><div class=\"fusion-layout-column fusion_builder_column_inner fusion-builder-nested-column-6 fusion_builder_column_inner_1_2 1_2 fusion-one-half fusion-column-last\" style=\"--awb-bg-size:cover;width:50%;width:calc(50% - ( ( 4% ) * 0.5 ) );\"><div class=\"fusion-column-wrapper fusion-flex-column-wrapper-legacy\"><div class=\"fusion-text fusion-text-7\" style=\"--awb-text-color:#264076;\"><h1><strong>Microsoft Azure<\/strong><\/h1>\n<h3><strong>Security certificates<\/strong><\/h3>\n<p>ISO\/ IEC 27000:2018 Informatietechnologie Beveiligingstechnieken \u2013 Informatiebeveiligingsbeheersystemen \u2013 Overzicht en vocabulaire, ISO\/IEC 27001:2015 Informatietechnologie Beveiligingstechnieken \u2013 Informatiebeveiligingsbeheersystemen \u2013 Vereisten, Verenigd Koninkrijk General Data Protection Regulation en Data Protection Act 2018, FedRAMP High US Federal Risk and Authorization Management Program (NIST SP 800-53 800), FIPS 140-2 Federal Information, Processing Standard, Security Organization Controls (SOC 1, SOC 2, en SOC 3), EU Algemene Verordening Gegevensbescherming (AVG), Health Information, Trust Alliance (HITRUST), National Health Service (NHS) Information Governance (IG) Toolkit (UK), H\u00e9bergeurs de Donn\u00e9es de Sant\u00e9 (HDS), e Health Insurance Portability and Accountability Act (HIPAA).<\/p>\n<p>Dictaten (geluidsopnamen en bestandsbijlagen zoals foto\u2019s en documenten) worden regionaal op Microsoft Azure servers opgeslagen om te voldoen aan de wettelijke vereisten, zodat ze snel toegankelijk zijn:<\/p>\n<ul>\n<li>Verenigde Staten: Boydton, Virginia<\/li>\n<li>Canada: Quebec City<\/li>\n<li>Europa: Nederland<\/li>\n<li>Australi\u00eb en Nieuw-Zeeland: Victoria<\/li>\n<\/ul>\n<h3><strong>Gegevensbeveiliging en &#8211; bescherming\/ ISO certificering<\/strong><\/h3>\n<ul>\n<li>Lees meer over\u00a0<a href=\"https:\/\/www.speechlive.com\/nl\/ressources\/gegevensbeveiliging-en-bescherming\/\" target=\"_blank\" rel=\"noopener\"><strong>Philips SpeechLive gegevensbeveiliging en &#8211; bescherming<\/strong><\/a><\/li>\n<\/ul>\n<\/div><div class=\"fusion-clearfix\"><\/div><\/div><\/div><\/div><div class=\"fusion-sep-clear\"><\/div><div class=\"fusion-separator fusion-full-width-sep\" style=\"margin-left: auto;margin-right: auto;margin-bottom:50px;width:100%;\"><div class=\"fusion-separator-border sep-single sep-solid\" style=\"--awb-height:20px;--awb-amount:20px;--awb-sep-color:#0088c4;border-color:#0088c4;border-top-width:1px;\"><\/div><\/div><div class=\"fusion-sep-clear\"><\/div><div class=\"fusion-clearfix\"><\/div><\/div><\/div><\/div><\/div><div class=\"fusion-fullwidth fullwidth-box fusion-builder-row-2 fusion-flex-container nonhundred-percent-fullwidth non-hundred-percent-height-scrolling\" style=\"--awb-border-radius-top-left:0px;--awb-border-radius-top-right:0px;--awb-border-radius-bottom-right:0px;--awb-border-radius-bottom-left:0px;--awb-margin-bottom:50px;--awb-flex-wrap:wrap;\" ><div class=\"fusion-builder-row fusion-row fusion-flex-align-items-flex-start fusion-flex-content-wrap\" style=\"max-width:1216.8px;margin-left: calc(-4% \/ 2 );margin-right: calc(-4% \/ 2 );\"><div class=\"fusion-layout-column fusion_builder_column fusion-builder-column-1 fusion_builder_column_1_1 1_1 fusion-flex-column\" style=\"--awb-bg-size:cover;--awb-width-large:100%;--awb-margin-top-large:0px;--awb-spacing-right-large:1.92%;--awb-margin-bottom-large:20px;--awb-spacing-left-large:1.92%;--awb-width-medium:100%;--awb-order-medium:0;--awb-spacing-right-medium:1.92%;--awb-spacing-left-medium:1.92%;--awb-width-small:100%;--awb-order-small:0;--awb-spacing-right-small:1.92%;--awb-spacing-left-small:1.92%;\"><div class=\"fusion-column-wrapper fusion-column-has-shadow fusion-flex-justify-content-flex-start fusion-content-layout-column\"><div class=\"fusion-image-element \" style=\"text-align:right;--awb-max-width:180px;--awb-caption-title-font-family:var(--h2_typography-font-family);--awb-caption-title-font-weight:var(--h2_typography-font-weight);--awb-caption-title-font-style:var(--h2_typography-font-style);--awb-caption-title-size:var(--h2_typography-font-size);--awb-caption-title-transform:var(--h2_typography-text-transform);--awb-caption-title-line-height:var(--h2_typography-line-height);--awb-caption-title-letter-spacing:var(--h2_typography-letter-spacing);\"><span class=\" fusion-imageframe imageframe-none imageframe-1 hover-type-none\"><img decoding=\"async\" width=\"554\" height=\"376\" title=\"philips-dictation_certified-speechlive-partner_label_2025_rgb_en\" src=\"https:\/\/speechlive.cloud\/nl\/wp-content\/uploads\/2024\/12\/philips-dictation_certified-speechlive-partner_label_2025_rgb_en.png\" alt class=\"img-responsive wp-image-2333\" srcset=\"https:\/\/speechlive.cloud\/nl\/wp-content\/uploads\/2024\/12\/philips-dictation_certified-speechlive-partner_label_2025_rgb_en-200x136.png 200w, https:\/\/speechlive.cloud\/nl\/wp-content\/uploads\/2024\/12\/philips-dictation_certified-speechlive-partner_label_2025_rgb_en-400x271.png 400w, https:\/\/speechlive.cloud\/nl\/wp-content\/uploads\/2024\/12\/philips-dictation_certified-speechlive-partner_label_2025_rgb_en.png 554w\" sizes=\"(max-width: 1024px) 100vw, (max-width: 640px) 100vw, 554px\" \/><\/span><\/div><\/div><\/div><\/div><\/div><\/p>\n","protected":false},"excerpt":{"rendered":"","protected":false},"author":1,"featured_media":0,"parent":0,"menu_order":0,"comment_status":"closed","ping_status":"closed","template":"","meta":{"footnotes":""},"class_list":["post-98","page","type-page","status-publish","hentry"],"_links":{"self":[{"href":"https:\/\/speechlive.cloud\/nl\/wp-json\/wp\/v2\/pages\/98","targetHints":{"allow":["GET"]}}],"collection":[{"href":"https:\/\/speechlive.cloud\/nl\/wp-json\/wp\/v2\/pages"}],"about":[{"href":"https:\/\/speechlive.cloud\/nl\/wp-json\/wp\/v2\/types\/page"}],"author":[{"embeddable":true,"href":"https:\/\/speechlive.cloud\/nl\/wp-json\/wp\/v2\/users\/1"}],"replies":[{"embeddable":true,"href":"https:\/\/speechlive.cloud\/nl\/wp-json\/wp\/v2\/comments?post=98"}],"version-history":[{"count":80,"href":"https:\/\/speechlive.cloud\/nl\/wp-json\/wp\/v2\/pages\/98\/revisions"}],"predecessor-version":[{"id":2601,"href":"https:\/\/speechlive.cloud\/nl\/wp-json\/wp\/v2\/pages\/98\/revisions\/2601"}],"wp:attachment":[{"href":"https:\/\/speechlive.cloud\/nl\/wp-json\/wp\/v2\/media?parent=98"}],"curies":[{"name":"wp","href":"https:\/\/api.w.org\/{rel}","templated":true}]}}